{"id":1162,"date":"2025-06-05T10:48:58","date_gmt":"2025-06-05T10:48:58","guid":{"rendered":"https:\/\/edrd.cat\/?page_id=1162"},"modified":"2025-09-04T09:07:00","modified_gmt":"2025-09-04T09:07:00","slug":"la-psicoterapia-sistemica","status":"publish","type":"page","link":"https:\/\/edrd.cat\/es\/especialidades\/psicologia\/la-psicoterapia-sistemica\/","title":{"rendered":"La psicoterapia sist\u00e9mica"},"content":{"rendered":"<section class=\"espacio_1_1 background-1-light\" id=\"a69e7b48a82de9\" data-block-id=\"69e7b48a8118869e7b48a81189\" data-block-name=\"acf\/espacio-1-1\" data-post-id=\"1162\" data-stable-id=\"block_290fd4e3a04705bfb443f1edad1ca64f\">\r\n\r\n<\/section>\r\n<style>\r\n    \/* Desktop height *\/\r\n    #a69e7b48a82de9 {\r\n        height: 100px;\r\n    }\r\n\r\n    \/* Background if provided *\/\r\n        \/* Mobile height *\/\r\n    @media (max-width: 768px) {\r\n        #a69e7b48a82de9 {\r\n            height: px;\r\n        }\r\n    }\r\n<\/style>\r\n\n\n<section class=\"header_curvy1_30_1 background-1-light\" id=\"\" data-block-id=\"69e7b48a830c969e7b48a830ca\" data-block-name=\"acf\/header-curvy1-30-1\" data-post-id=\"1162\" data-stable-id=\"block_4efe10c2116d210f94a5d5bd30e8399f\">\r\n    <div class=\"container\">\r\n        <div class=\"row\">\r\n            <div class=\"col\">\r\n                                <h1 class=\"tamano1 color-1-headings-dark\">La psicoterapia sist\u00e9mica<\/h1>\r\n            <\/div>\r\n        <\/div>\r\n    <\/div>\r\n<\/section>\r\n<style>\r\n    .header_curvy1_30_1 .col .subtitulo {\r\n        text-align: center;\r\n        padding-bottom: 25px;\r\n    }\r\n\r\n    .header_curvy1_30_1 .col h1 {\r\n        text-align: center;\r\n    }\r\n\r\n    .header_curvy1_30_1 .col {\r\n        max-width: 1230px;\r\n        margin: 0 auto;\r\n    }\r\n\r\n    .header_curvy1_30_1 {\r\n        padding: 200px 0 55px 0;\r\n    }\r\n\r\n    @media (max-width:1200px) {\r\n        .header_curvy1_30_1 {\r\n            padding: 120px 0 35px 0;\r\n        }\r\n    }\r\n\r\n    @media (max-width:768px) {\r\n        .header_curvy1_30_1 h1 {\r\n            line-height: var(--tamano3-line-height);\r\n        }\r\n\r\n        .header_curvy1_30_1 {\r\n            padding: 100px 0 40px;\r\n        }\r\n    }\r\n<\/style>\r\n\n\n<section class=\"about_curvy1_19_1 background-1-light izquierda\" id=\"\"\r\n    original-block-id=\"block_40c3f54577c76d6786f7f75277812874\" data-block-id=\"69e7b48a8468069e7b48a84681\" data-block-name=\"acf\/about-curvy1-19-1\" data-post-id=\"1162\" data-stable-id=\"block_40c3f54577c76d6786f7f75277812874\">\r\n    <div class=\"container\">\r\n        <div class=\"row\">\r\n            <div class=\"col\">\r\n                <div class=\"imagen\">\r\n                    <img decoding=\"async\" src=\"https:\/\/edrd.cat\/wp-content\/uploads\/2025\/06\/T.SISTEMICA-IMG_1573-1-scaled.jpg\" alt=\"\" title=\"T.SISTEMICA IMG_1573-1\">\r\n                <\/div>\r\n                <div class=\"right\">\r\n                    \r\n                    \r\n                                        <div class=\"texto color-1-body-dark tamano7\" data-desactivar-leer-mas=\"0\">\r\n                        <span class=\"texto-corto\"><\/span>\r\n                        <span class=\"texto-completo\" style=\"display: none;\"><p>Un enfoque terap\u00e9utico que se basa en la comprensi\u00f3n de los problemas psicol\u00f3gicos desde una visi\u00f3n circular e interactiva.<br \/>\nAnaliza como el comportamiento de un individuo afecta el resto de componentes del mismo sistema.<\/p><\/span>\r\n                    <\/div>\r\n                    <div class=\"vermas tamano7 boton-4-texto-normal\">\r\n                        <span class=\"mas tamano7 boton-4-texto-normal\">Leer m\u00e1s<\/span>\r\n                        <span class=\"menos hide tamano7 boton-4-texto-normal\">Leer menos<\/span>\r\n                        <svg width=\"13\" height=\"13\" viewBox=\"0 0 13 8\" fill=\"none\"\r\n                            xmlns=\"http:\/\/www.w3.org\/2000\/svg\">\r\n                            <path id=\"Vector 14\" d=\"M1 1L6.5 6.5L12 1\" stroke=\"#2B275C\" stroke-width=\"1.5\" \/>\r\n                        <\/svg>\r\n                    <\/div>\r\n                    \r\n                                    <\/div>\r\n            <\/div>\r\n        <\/div>\r\n    <\/div>\r\n<\/section>\r\n<style>\r\n    .about_curvy1_19_1 .subtitulo {\r\n        padding-bottom: 20px;\r\n    }\r\n\r\n    .about_curvy1_19_1 .vermas svg path {\r\n        stroke: var(--boton-4-texto-normal);\r\n    }\r\n\r\n    .about_curvy1_19_1 .vermas .hide {\r\n        display: none;\r\n    }\r\n\r\n    .about_curvy1_19_1 .vermas.show svg {\r\n        transform: rotate(180deg);\r\n    }\r\n\r\n    .about_curvy1_19_1 .vermas {\r\n        margin-left: 100px;\r\n        margin-top: 20px;\r\n        display: none;\r\n        align-items: center;\r\n        gap: 10px;\r\n        cursor: pointer;\r\n    }\r\n\r\n    .about_curvy1_19_1 .vermas span {\r\n        font-weight: var(--tamano5-font-weight);\r\n    }\r\n\r\n    .about_curvy1_19_1 .right .btn-round {\r\n        margin-left: 100px;\r\n        margin-top: 50px;\r\n    }\r\n\r\n    .about_curvy1_19_1.derecha .right .texto {\r\n        padding-left: 0;\r\n        padding-right: 100px;\r\n    }\r\n\r\n    .about_curvy1_19_1 .right .texto {\r\n        padding-left: 100px\r\n    }\r\n\r\n    .about_curvy1_19_1 .imagen {\r\n        width: 50%;\r\n    }\r\n\r\n    .about_curvy1_19_1 .right {\r\n        width: 50%;\r\n        margin-left: 50px;\r\n    }\r\n\r\n    .about_curvy1_19_1 .right h2 {\r\n        padding-bottom: 45px;\r\n    }\r\n\r\n    .about_curvy1_19_1.derecha .col {\r\n        flex-direction: row-reverse;\r\n    }\r\n\r\n    .about_curvy1_19_1 .col {\r\n        display: flex;\r\n        gap: 30px;\r\n        align-items: center;\r\n    }\r\n\r\n    .about_curvy1_19_1 .btn-round {\r\n        border-radius: 60px;\r\n        padding: 12px 25px;\r\n        display: inline-block;\r\n        min-width: 175px;\r\n        text-align: center;\r\n        text-decoration: none;\r\n    }\r\n\r\n\r\n    .about_curvy1_19_1 .right .texto *:last-child {\r\n        padding-bottom: 0;\r\n    }\r\n\r\n    .about_curvy1_19_1 .right .texto .texto-corto {\r\n        padding-bottom: 0 !important;\r\n    }\r\n\r\n    .about_curvy1_19_1 .right .texto * {\r\n        padding-bottom: 20px;\r\n        font-size: inherit;\r\n        font-weight: inherit;\r\n        line-height: inherit;\r\n        letter-spacing: inherit;\r\n        font-family: inherit;\r\n    }\r\n\r\n\r\n     .about_curvy1_19_1 img {\r\n        border-radius: 30px;\r\n    }\r\n\r\n     .about_curvy1_19_1 {\r\n        padding: 81px 0;\r\n        margin-top: -1px;\r\n    }\r\n\r\n    @media (max-width:1300px) {\r\n        .about_curvy1_19_1 .col {\r\n            gap: 30px;\r\n        }\r\n\r\n        .about_curvy1_19_1 .right {\r\n            padding-top: 0;\r\n        }\r\n    }\r\n\r\n    @media (max-width:1200px) {\r\n        .about_curvy1_19_1.derecha .col {\r\n            flex-direction: column;\r\n        }\r\n\r\n        .about_curvy1_19_1 .imagen {\r\n            width: 100%;\r\n        }\r\n\r\n        .about_curvy1_19_1 .col {\r\n            flex-direction: column;\r\n        }\r\n\r\n        .about_curvy1_19_1 .right {\r\n            max-width: 100%;\r\n            width: 100%;\r\n            margin: 0;\r\n        }\r\n\r\n        .about_curvy1_19_1 .subtitulo {\r\n            padding-bottom: 15px;\r\n        }\r\n\r\n        .about_curvy1_19_1 .right h2 {\r\n            padding-bottom: 15px;\r\n        }\r\n\r\n        .about_curvy1_19_1 .right .texto {\r\n            padding-left: 60px;\r\n        }\r\n\r\n        .about_curvy1_19_1.derecha .right .texto {\r\n            padding-right: 0;\r\n            padding-left: 60px;\r\n        }\r\n\r\n        .about_curvy1_19_1 .right .btn-round,\r\n        .about_curvy1_19_1 .vermas {\r\n            margin-left: 60px;\r\n        }\r\n    }\r\n\r\n    @media (max-width:992px) {\r\n        .about_curvy1_19_1 {\r\n            padding: 40px 0;\r\n        }\r\n    }\r\n\r\n    @media (max-width:768px) {\r\n        .about_curvy1_19_1 h2 {\r\n            line-height: var(--tamano5-line-height);\r\n        }\r\n\r\n        .about_curvy1_19_1 .right h2 {\r\n            padding-bottom: 20px;\r\n        }\r\n\r\n        .about_curvy1_19_1 .col {\r\n            gap: 20px;\r\n        }\r\n\r\n        .about_curvy1_19_1 .vermas {\r\n            margin-top: 20px !important;\r\n        }\r\n\r\n        .about_curvy1_19_1 .right .texto.show {\r\n            padding-bottom: 20px;\r\n        }\r\n\r\n        .about_curvy1_19_1 .right .btn-round {\r\n            margin-top: 20px;\r\n        }\r\n    }\r\n<\/style>\r\n<script>\r\n    jQuery(document).ready(function($) {\r\n        const $instance = $('.about_curvy1_19_1[original-block-id=\"block_40c3f54577c76d6786f7f75277812874\"]');\r\n\r\n        if (!$instance.length) return;\r\n\r\n        const CONFIG_AC191 = {\r\n            limites: {\r\n                mobile: 200,\r\n                desktop: 600\r\n            },\r\n            breakpoint: 992\r\n        };\r\n\r\n        function truncarTextoEnUltimaPalabraAC191(texto, limite) {\r\n            if (texto.length <= limite) return texto;\r\n            const cortado = texto.substring(0, limite);\r\n            const ultimoEspacio = cortado.lastIndexOf(' ');\r\n            return (ultimoEspacio > limite * 0.8 ? cortado.substring(0, ultimoEspacio) : cortado) + '...';\r\n        }\r\n\r\n        function truncarHTMLAC191(html, limite) {\r\n            const $temp = $('<div>').html(html);\r\n            let chars = 0,\r\n                resultado = '';\r\n\r\n            function procesarNodoAC191(nodo) {\r\n                if (chars >= limite) return false;\r\n\r\n                if (nodo.nodeType === 3) {\r\n                    const texto = nodo.textContent || '';\r\n                    if (chars + texto.length <= limite) {\r\n                        resultado += texto;\r\n                        chars += texto.length;\r\n                    } else {\r\n                        resultado += truncarTextoEnUltimaPalabraAC191(texto, limite - chars);\r\n                        chars = limite;\r\n                        return false;\r\n                    }\r\n                } else if (nodo.nodeType === 1) {\r\n                    const $elem = $(nodo);\r\n                    const tag = nodo.tagName.toLowerCase();\r\n                    const textoElem = $elem.text();\r\n\r\n                    if (chars + textoElem.length <= limite) {\r\n                        resultado += $('<div>').append($elem.clone()).html();\r\n                        chars += textoElem.length;\r\n                    } else {\r\n                        const attrs = Array.from(nodo.attributes).map(a =>\r\n                            a.name + '=\"' + (a.value || '').replace(\/\"\/g, '&quot;') + '\"'\r\n                        ).join(' ');\r\n                        resultado += '<' + tag + (attrs ? ' ' + attrs : '') + '>';\r\n\r\n                        $elem.contents().each(function() {\r\n                            return procesarNodoAC191(this);\r\n                        });\r\n\r\n                        resultado += '<\/' + tag + '>';\r\n                        return false;\r\n                    }\r\n                }\r\n                return true;\r\n            }\r\n\r\n            $temp.contents().each(function() {\r\n                return procesarNodoAC191(this);\r\n            });\r\n\r\n            return resultado || truncarTextoEnUltimaPalabraAC191($temp.text(), limite);\r\n        }\r\n\r\n        function aplicarTruncadoAC191() {\r\n            $instance.find('.texto-completo').each(function() {\r\n                const $completo = $(this);\r\n                if ($completo.is(':visible')) return;\r\n\r\n                const $texto = $completo.closest('.texto');\r\n                const $corto = $completo.siblings('.texto-corto');\r\n                const $vermas = $texto.siblings('.vermas');\r\n\r\n                if (!$corto.length) return;\r\n\r\n                const html = $completo.html() || '';\r\n                const textoPlano = $completo.text() || '';\r\n                const esMobile = $(window).width() <= CONFIG_AC191.breakpoint;\r\n                const limite = esMobile ? CONFIG_AC191.limites.mobile : CONFIG_AC191.limites.desktop;\r\n                const desactivado = $texto.attr('data-desactivar-leer-mas') === '1';\r\n\r\n                if (desactivado) {\r\n                    if (!esMobile) {\r\n                        $corto.html(html).show();\r\n                        $vermas.hide();\r\n                        return;\r\n                    }\r\n                }\r\n\r\n                if (textoPlano.length > limite) {\r\n                    $corto.html(truncarHTMLAC191(html, limite)).show();\r\n                    $vermas.css('display', 'flex');\r\n                } else {\r\n                    $corto.html(html).show();\r\n                    $vermas.hide();\r\n                }\r\n            });\r\n        }\r\n\r\n        aplicarTruncadoAC191();\r\n        $(window).on('resize', aplicarTruncadoAC191);\r\n\r\n        $instance.on('click', '.vermas', function() {\r\n            const $btn = $(this);\r\n            const $texto = $btn.siblings('.texto');\r\n            const $corto = $texto.find('.texto-corto');\r\n            const $completo = $texto.find('.texto-completo');\r\n\r\n            if ($corto.is(':visible')) {\r\n                $corto.hide();\r\n                $completo.show();\r\n                $btn.addClass('show');\r\n            } else {\r\n                $completo.hide();\r\n                aplicarTruncadoAC191();\r\n                $btn.removeClass('show');\r\n            }\r\n\r\n            $btn.find('span').toggleClass('hide');\r\n        });\r\n    });\r\n<\/script>\r\n\n\n<section class=\"cta_curvy1_3_1_2 background-1-light\" id=\"\" data-block-id=\"69e7b48a8a19b69e7b48a8a19c\" data-block-name=\"acf\/cta-curvy1-3-1-2\" data-post-id=\"1162\" data-stable-id=\"block_5023de02d61fccd2b117a5e926f116b3\">\r\n    <div class=\"container\">\r\n        <div class=\"row\">\r\n            <div class=\"col\">\r\n                <div class=\"inner background-1-dark\">\r\n                                        <div class=\"titulo\">\r\n                        <h2 class=\"tamano3 color-2-headings-light\">Cuidamos tu mente<\/h2>\r\n                    <\/div>\r\n                                                            <div class=\"texto color-2-body-light tamano7\"><p>Atenci\u00f3n profesional, no dudes en escribirnos si tienes alguna consulta.<\/p>\n<\/div>\r\n                                                                <div class=\"ctas\">\r\n                                                            <a href=\"https:\/\/edrd.cat\/es\/contacto\/\" target=\"\" class=\"btn-round tamano-7-mediumcta color-boton-3-texto-normal color-boton-3-texto-hover color-boton-3-normal color-boton-3-hover\">\r\n    \r\n    <span>Contacto<\/span>\r\n<\/a>\r\n\r\n<style>\r\n    .btn-border-rounded {\r\n        border-radius: 12px !important;\r\n    }\r\n\r\n    .btn-border-square {\r\n        border-radius: 0 !important;\r\n    }\r\n\r\n    \/* Estilos de hover *\/\r\n    .btn-hover-hover1:hover {\r\n        filter: contrast(0.55);\r\n    }\r\n\r\n    .btn-hover-hover2:hover {\r\n        filter: sepia(2);\r\n    }\r\n\r\n    \/* Estilos del icono cuando existe *\/\r\n    a i {\r\n        margin-right: 8px;\r\n        font-size: 16px;\r\n    }\r\n\r\n    \/* Icono Lucide *\/\r\n    .btn-icon--lucide {\r\n        display: inline-flex;\r\n        align-items: center;\r\n        justify-content: center;\r\n        margin-right: 8px;\r\n    }\r\n\r\n    .btn-icon--lucide svg {\r\n        width: 16px;\r\n        height: 16px;\r\n        display: block;\r\n    }\r\n<\/style>\r\n                                                    <\/div>\r\n                                    <\/div>\r\n            <\/div>\r\n        <\/div>\r\n    <\/div>\r\n<\/section>\r\n<style>\r\n    .cta_curvy1_3_1_2 .inner {\r\n        display: flex;\r\n        gap: 30px;\r\n        border-radius: 30px;\r\n        align-items: center;\r\n        padding: 55px 150px;\r\n        justify-content: space-between;\r\n    }\r\n\r\n     .cta_curvy1_3_1_2 .titulo {\r\n        max-width: 430px;\r\n        width: 100%;\r\n    }\r\n\r\n    .cta_curvy1_3_1_2 .texto {\r\n        max-width: 660px;\r\n        text-align: left;\r\n        width: 100%;\r\n    }\r\n\r\n    .cta_curvy1_3_1_2 {\r\n        padding: 80px 0;\r\n        position: relative;\r\n    }\r\n\r\n    .cta_curvy1_3_1_2 .btn-round {\r\n        border-radius: 60px;\r\n        padding: 15px 30px;\r\n        display: inline-block;\r\n        text-align: center;\r\n        transition: all ease .3s;\r\n        text-decoration: none;\r\n        min-width: 278px;\r\n        display: flex;\r\n        align-items: center;\r\n        justify-content: center;\r\n    }\r\n\r\n    @media (max-width:1750px) {\r\n        .cta_curvy1_3_1_2 .texto {\r\n            max-width: 500px;\r\n        }\r\n    }\r\n\r\n    @media (max-width:1600px) {\r\n        .cta_curvy1_3_1_2 .inner {\r\n            padding-left: 50px;\r\n            padding-right: 50px;\r\n        }\r\n    }\r\n\r\n    @media (max-width:1400px) {\r\n        .cta_curvy1_3_1_2 .texto {\r\n            max-width: 100%;\r\n        }\r\n\r\n        .cta_curvy1_3_1_2 .titulo {\r\n            width: 100%;\r\n        }\r\n    }\r\n\r\n    @media (max-width:1200px) {\r\n        .cta_curvy1_3_1_2 .inner {\r\n            padding-left: 15px;\r\n            padding-right: 15px;\r\n        }\r\n    }\r\n\r\n    @media (max-width:992px) {\r\n        .cta_curvy1_3_1_2 .col .inner {\r\n            border-radius: 30px;\r\n            flex-direction: column;\r\n            align-items: center;\r\n            justify-content: center;\r\n        }\r\n\r\n         .cta_curvy1_3_1_2 .col .inner>* {\r\n            width: 100%;\r\n            max-width: 100%;\r\n            text-align: left;\r\n        }\r\n\r\n        .cta_curvy1_3_1_2 .inner {\r\n            padding: 33px 23px;\r\n        }\r\n\r\n        .cta_curvy1_3_1_2 .col .ctas {\r\n            display: flex;\r\n            align-items: center;\r\n            justify-content: start;\r\n        }\r\n\r\n        .cta_curvy1_3_1_2 .col {\r\n            flex-direction: column;\r\n            justify-content: center;\r\n            align-items: center;\r\n        }\r\n\r\n        .cta_curvy1_3_1_2 {\r\n            padding: 40px 0;\r\n        }\r\n\r\n        .cta_curvy1_3_1_2 .btn-round {\r\n            min-width: 240px\r\n        }\r\n\r\n        .cta_curvy1_3_1_2 .titulo h2 {\r\n            line-height: var(--tamano5-line-height);\r\n        }\r\n    }\r\n<\/style>\r\n","protected":false},"excerpt":{"rendered":"","protected":false},"author":1,"featured_media":988,"parent":1160,"menu_order":9,"comment_status":"open","ping_status":"closed","template":"","meta":{"_acf_changed":false,"iawp_total_views":3,"footnotes":""},"class_list":["post-1162","page","type-page","status-publish","has-post-thumbnail","hentry"],"acf":[],"yoast_head":"<!-- This site is optimized with the Yoast SEO plugin v27.4 - https:\/\/yoast.com\/product\/yoast-seo-wordpress\/ -->\n<title>La psicoterapia sist\u00e9mica - EQUIP DE NEUROPSIQUIATRIA I TRASTORNS COGNITIUS<\/title>\n<meta name=\"robots\" content=\"index, follow, max-snippet:-1, max-image-preview:large, max-video-preview:-1\" \/>\n<link rel=\"canonical\" href=\"https:\/\/edrd.cat\/es\/especialidades\/psicologia\/la-psicoterapia-sistemica\/\" \/>\n<meta property=\"og:locale\" content=\"es_ES\" \/>\n<meta property=\"og:type\" content=\"article\" \/>\n<meta property=\"og:title\" content=\"La psicoterapia sist\u00e9mica - EQUIP DE NEUROPSIQUIATRIA I TRASTORNS COGNITIUS\" \/>\n<meta property=\"og:url\" content=\"https:\/\/edrd.cat\/es\/especialidades\/psicologia\/la-psicoterapia-sistemica\/\" \/>\n<meta property=\"og:site_name\" content=\"EQUIP DE NEUROPSIQUIATRIA I TRASTORNS COGNITIUS\" \/>\n<meta property=\"article:modified_time\" content=\"2025-09-04T09:07:00+00:00\" \/>\n<meta property=\"og:image\" content=\"https:\/\/edrd.cat\/wp-content\/uploads\/2025\/06\/T.SISTEMICA-IMG_1573-1-scaled.jpg\" \/>\n\t<meta property=\"og:image:width\" content=\"2560\" \/>\n\t<meta property=\"og:image:height\" content=\"1067\" \/>\n\t<meta property=\"og:image:type\" content=\"image\/jpeg\" \/>\n<meta name=\"twitter:card\" content=\"summary_large_image\" \/>\n<meta name=\"twitter:label1\" content=\"Tiempo de lectura\" \/>\n\t<meta name=\"twitter:data1\" content=\"1 minuto\" \/>\n<!-- \/ Yoast SEO plugin. -->","yoast_head_json":{"title":"La psicoterapia sist\u00e9mica - EQUIP DE NEUROPSIQUIATRIA I TRASTORNS COGNITIUS","robots":{"index":"index","follow":"follow","max-snippet":"max-snippet:-1","max-image-preview":"max-image-preview:large","max-video-preview":"max-video-preview:-1"},"canonical":"https:\/\/edrd.cat\/es\/especialidades\/psicologia\/la-psicoterapia-sistemica\/","og_locale":"es_ES","og_type":"article","og_title":"La psicoterapia sist\u00e9mica - EQUIP DE NEUROPSIQUIATRIA I TRASTORNS COGNITIUS","og_url":"https:\/\/edrd.cat\/es\/especialidades\/psicologia\/la-psicoterapia-sistemica\/","og_site_name":"EQUIP DE NEUROPSIQUIATRIA I TRASTORNS COGNITIUS","article_modified_time":"2025-09-04T09:07:00+00:00","og_image":[{"width":2560,"height":1067,"url":"https:\/\/edrd.cat\/wp-content\/uploads\/2025\/06\/T.SISTEMICA-IMG_1573-1-scaled.jpg","type":"image\/jpeg"}],"twitter_card":"summary_large_image","twitter_misc":{"Tiempo de lectura":"1 minuto"},"schema":{"@context":"https:\/\/schema.org","@graph":[{"@type":"WebPage","@id":"https:\/\/edrd.cat\/es\/especialidades\/psicologia\/la-psicoterapia-sistemica\/","url":"https:\/\/edrd.cat\/es\/especialidades\/psicologia\/la-psicoterapia-sistemica\/","name":"La psicoterapia sist\u00e9mica - EQUIP DE NEUROPSIQUIATRIA I TRASTORNS COGNITIUS","isPartOf":{"@id":"https:\/\/edrd.cat\/es\/#website"},"primaryImageOfPage":{"@id":"https:\/\/edrd.cat\/es\/especialidades\/psicologia\/la-psicoterapia-sistemica\/#primaryimage"},"image":{"@id":"https:\/\/edrd.cat\/es\/especialidades\/psicologia\/la-psicoterapia-sistemica\/#primaryimage"},"thumbnailUrl":"https:\/\/edrd.cat\/wp-content\/uploads\/2025\/06\/T.SISTEMICA-IMG_1573-1-scaled.jpg","datePublished":"2025-06-05T10:48:58+00:00","dateModified":"2025-09-04T09:07:00+00:00","breadcrumb":{"@id":"https:\/\/edrd.cat\/es\/especialidades\/psicologia\/la-psicoterapia-sistemica\/#breadcrumb"},"inLanguage":"es","potentialAction":[{"@type":"ReadAction","target":["https:\/\/edrd.cat\/es\/especialidades\/psicologia\/la-psicoterapia-sistemica\/"]}]},{"@type":"ImageObject","inLanguage":"es","@id":"https:\/\/edrd.cat\/es\/especialidades\/psicologia\/la-psicoterapia-sistemica\/#primaryimage","url":"https:\/\/edrd.cat\/wp-content\/uploads\/2025\/06\/T.SISTEMICA-IMG_1573-1-scaled.jpg","contentUrl":"https:\/\/edrd.cat\/wp-content\/uploads\/2025\/06\/T.SISTEMICA-IMG_1573-1-scaled.jpg","width":2560,"height":1067},{"@type":"BreadcrumbList","@id":"https:\/\/edrd.cat\/es\/especialidades\/psicologia\/la-psicoterapia-sistemica\/#breadcrumb","itemListElement":[{"@type":"ListItem","position":1,"name":"Portada","item":"https:\/\/edrd.cat\/es\/"},{"@type":"ListItem","position":2,"name":"Especialidades","item":"https:\/\/edrd.cat\/es\/especialidades\/"},{"@type":"ListItem","position":3,"name":"Psicolog\u00eda","item":"https:\/\/edrd.cat\/es\/especialidades\/psicologia\/"},{"@type":"ListItem","position":4,"name":"La psicoterapia sist\u00e9mica"}]},{"@type":"WebSite","@id":"https:\/\/edrd.cat\/es\/#website","url":"https:\/\/edrd.cat\/es\/","name":"EQUIP DE NEUROPSIQUIATRIA I TRASTORNS COGNITIUS","description":"","publisher":{"@id":"https:\/\/edrd.cat\/es\/#organization"},"potentialAction":[{"@type":"SearchAction","target":{"@type":"EntryPoint","urlTemplate":"https:\/\/edrd.cat\/es\/?s={search_term_string}"},"query-input":{"@type":"PropertyValueSpecification","valueRequired":true,"valueName":"search_term_string"}}],"inLanguage":"es"},{"@type":"Organization","@id":"https:\/\/edrd.cat\/es\/#organization","name":"EQUIP DE NEUROPSIQUIATRIA I TRASTORNS COGNITIUS","url":"https:\/\/edrd.cat\/es\/","logo":{"@type":"ImageObject","inLanguage":"es","@id":"https:\/\/edrd.cat\/es\/#\/schema\/logo\/image\/","url":"https:\/\/edrd.cat\/wp-content\/uploads\/2025\/02\/Leonardo_Phoenix_09_Logotipo_para_una_empresa_de_salud_especia_0.jpg","contentUrl":"https:\/\/edrd.cat\/wp-content\/uploads\/2025\/02\/Leonardo_Phoenix_09_Logotipo_para_una_empresa_de_salud_especia_0.jpg","width":768,"height":768,"caption":"EQUIP DE NEUROPSIQUIATRIA I TRASTORNS COGNITIUS"},"image":{"@id":"https:\/\/edrd.cat\/es\/#\/schema\/logo\/image\/"}}]}},"_links":{"self":[{"href":"https:\/\/edrd.cat\/es\/wp-json\/wp\/v2\/pages\/1162","targetHints":{"allow":["GET"]}}],"collection":[{"href":"https:\/\/edrd.cat\/es\/wp-json\/wp\/v2\/pages"}],"about":[{"href":"https:\/\/edrd.cat\/es\/wp-json\/wp\/v2\/types\/page"}],"author":[{"embeddable":true,"href":"https:\/\/edrd.cat\/es\/wp-json\/wp\/v2\/users\/1"}],"replies":[{"embeddable":true,"href":"https:\/\/edrd.cat\/es\/wp-json\/wp\/v2\/comments?post=1162"}],"version-history":[{"count":3,"href":"https:\/\/edrd.cat\/es\/wp-json\/wp\/v2\/pages\/1162\/revisions"}],"predecessor-version":[{"id":1490,"href":"https:\/\/edrd.cat\/es\/wp-json\/wp\/v2\/pages\/1162\/revisions\/1490"}],"up":[{"embeddable":true,"href":"https:\/\/edrd.cat\/es\/wp-json\/wp\/v2\/pages\/1160"}],"wp:featuredmedia":[{"embeddable":true,"href":"https:\/\/edrd.cat\/es\/wp-json\/wp\/v2\/media\/988"}],"wp:attachment":[{"href":"https:\/\/edrd.cat\/es\/wp-json\/wp\/v2\/media?parent=1162"}],"curies":[{"name":"wp","href":"https:\/\/api.w.org\/{rel}","templated":true}]}}